{"id":43,"date":"2021-03-17T22:19:14","date_gmt":"2021-03-17T22:19:14","guid":{"rendered":"https:\/\/www.denizberksoy.com\/online-diyetisyen\/?post_type=product&#038;p=43"},"modified":"2025-11-18T14:47:04","modified_gmt":"2025-11-18T14:47:04","slug":"bebegimi-emziriyorum","status":"publish","type":"product","link":"https:\/\/www.denizberksoy.com\/online-diyetisyen\/urun\/bebegimi-emziriyorum\/","title":{"rendered":"Emzirme D\u00f6nemi Paketi (Whatsapp takipli)"},"content":{"rendered":"<ul>\n<li><em>\u0130lk olarak beslenme al\u0131\u015fkanl\u0131klar\u0131n\u0131z\u0131 de\u011ferlendirmem i\u00e7in size g\u00f6nderece\u011fim online diyet formunu dolduruyorsunuz.<\/em><\/li>\n<li><em>Programa ba\u015flad\u0131\u011f\u0131n\u0131zda size diyet listenizi 48 saat i\u00e7erisinde g\u00f6nderiyorum. Emzirme d\u00f6neminize s\u00fct art\u0131r\u0131c\u0131 ve ayn\u0131 zamanda kilo verdiren bir beslenme program\u0131 olu\u015fturuyorum.\u00a0<\/em><\/li>\n<li><em>WhatsApp takipli diyet dan\u0131\u015fmanl\u0131\u011f\u0131m s\u00fcresince kilo \u00f6l\u00e7\u00fcm\u00fcn\u00fc siz yap\u0131yorsunuz; bana bildiriyorsunuz ve \u00f6l\u00e7\u00fcmlerinizi takip ediyoruz. Kontrollerinizi haftal\u0131k olarak yap\u0131yorum.<\/em><\/li>\n<\/ul>\n<p style=\"text-align: center;\"><strong>Program\u0131n\u0131z s\u00fcresince;<\/strong><\/p>\n<ol>\n<li style=\"text-align: left;\"><strong>Sesli mesaj ile haftan\u0131n de\u011ferlendirmesini yap\u0131yor ve diyet listenizi yeniliyorum.<\/strong><\/li>\n<li style=\"text-align: left;\"><strong>\u00d6\u011f\u00fcnlerinizi foto\u011fraf ile g\u00f6nderiyorsunuz ve takip ediyorum.<\/strong><\/li>\n<li style=\"text-align: left;\"><strong>Sesli mesajlarla motivasyon sa\u011fl\u0131yorum.<\/strong><\/li>\n<li style=\"text-align: left;\"><strong>WhatsApp ile s\u00fcrekli ileti\u015fim halinde oluyoruz.<\/strong><\/li>\n<li style=\"text-align: left;\"><strong>Emzirme d\u00f6neminize uygun \u00e7e\u015fitli tarifler ile s\u00fcrecinize destek oluyorum.<\/strong><\/li>\n<li style=\"text-align: left;\"><strong>1 ayda hedefim 4-6 kg vermenizi sa\u011flamakt\u0131r.<\/strong><\/li>\n<\/ol>\n","protected":false},"excerpt":{"rendered":"<p>Emzirme d\u00f6neminde sa\u011fl\u0131kl\u0131 beslenmek ve s\u00fct\u00fcn\u00fcz kesilmeden zay\u0131flamak m\u0131 istiyorsunuz ? Emzirme program\u0131m tam size g\u00f6re! Paketimin s\u00fcresi 1 ayl\u0131kt\u0131r ve kontroller haftada 1 yap\u0131l\u0131r. Her kontrolde beslenme program\u0131n\u0131z yenilenir. Whatsapp takipli bir programd\u0131r.<\/p>\n","protected":false},"featured_media":46,"template":"","meta":{"_monsterinsights_skip_tracking":false,"_monsterinsights_sitenote_active":false,"_monsterinsights_sitenote_note":"","_monsterinsights_sitenote_category":0},"product_brand":[],"product_cat":[15],"product_tag":[],"class_list":{"0":"post-43","1":"product","2":"type-product","3":"status-publish","4":"has-post-thumbnail","6":"product_cat-online-diyet-paketleri","8":"first","9":"instock","10":"sale","11":"virtual","12":"taxable","13":"purchasable","14":"product-type-simple"},"jetpack_sharing_enabled":true,"_links":{"self":[{"href":"https:\/\/www.denizberksoy.com\/online-diyetisyen\/wp-json\/wp\/v2\/product\/43","targetHints":{"allow":["GET"]}}],"collection":[{"href":"https:\/\/www.denizberksoy.com\/online-diyetisyen\/wp-json\/wp\/v2\/product"}],"about":[{"href":"https:\/\/www.denizberksoy.com\/online-diyetisyen\/wp-json\/wp\/v2\/types\/product"}],"wp:featuredmedia":[{"embeddable":true,"href":"https:\/\/www.denizberksoy.com\/online-diyetisyen\/wp-json\/wp\/v2\/media\/46"}],"wp:attachment":[{"href":"https:\/\/www.denizberksoy.com\/online-diyetisyen\/wp-json\/wp\/v2\/media?parent=43"}],"wp:term":[{"taxonomy":"product_brand","embeddable":true,"href":"https:\/\/www.denizberksoy.com\/online-diyetisyen\/wp-json\/wp\/v2\/product_brand?post=43"},{"taxonomy":"product_cat","embeddable":true,"href":"https:\/\/www.denizberksoy.com\/online-diyetisyen\/wp-json\/wp\/v2\/product_cat?post=43"},{"taxonomy":"product_tag","embeddable":true,"href":"https:\/\/www.denizberksoy.com\/online-diyetisyen\/wp-json\/wp\/v2\/product_tag?post=43"}],"curies":[{"name":"wp","href":"https:\/\/api.w.org\/{rel}","templated":true}]}}