{"id":13,"date":"2021-03-10T20:40:12","date_gmt":"2021-03-10T20:40:12","guid":{"rendered":"https:\/\/www.denizberksoy.com\/online-diyetisyen\/?post_type=product&#038;p=13"},"modified":"2025-11-18T14:27:55","modified_gmt":"2025-11-18T14:27:55","slug":"kilo-vermek-istiyorum","status":"publish","type":"product","link":"https:\/\/www.denizberksoy.com\/online-diyetisyen\/urun\/kilo-vermek-istiyorum\/","title":{"rendered":"1 Ayl\u0131k Kilo Verme Paketi (Whatsapp takipli)"},"content":{"rendered":"<ul>\n<li><em>\u0130lk olarak beslenme al\u0131\u015fkanl\u0131klar\u0131n\u0131z\u0131 ve sa\u011fl\u0131k risklerinizi de\u011ferlendirmem i\u00e7in size g\u00f6nderece\u011fim online diyet formunu dolduruyorsunuz.<\/em><\/li>\n<li><em>Programa ba\u015flad\u0131\u011f\u0131n\u0131zda size diyet listenizi 48 saat i\u00e7erisinde g\u00f6nderiyorum. Tamamen size \u00f6zel bir beslenme program\u0131 olu\u015fturuyorum.\u00a0<\/em><\/li>\n<li><em>WhatsApp takipli diyet dan\u0131\u015fmanl\u0131\u011f\u0131m s\u00fcresince kilo \u00f6l\u00e7\u00fcm\u00fcn\u00fc siz yap\u0131yorsunuz; bana bildiriyorsunuz ve \u00f6l\u00e7\u00fcmlerinizi takip ediyoruz. Kontrollerinizi haftal\u0131k olarak yap\u0131yorum.<\/em><\/li>\n<\/ul>\n<p style=\"text-align: center;\"><strong>Program\u0131n\u0131z s\u00fcresince;<\/strong><\/p>\n<ol>\n<li style=\"text-align: left;\"><strong>Sesli mesaj ile haftan\u0131n de\u011ferlendirmesini yap\u0131yor ve diyet listenizi yeniliyorum.<\/strong><\/li>\n<li style=\"text-align: left;\"><strong>\u00d6\u011f\u00fcnlerinizi foto\u011fraf ile g\u00f6nderiyorsunuz ve takip ediyorum.<\/strong><\/li>\n<li style=\"text-align: left;\"><strong>Sesli mesajlarla motivasyon sa\u011fl\u0131yorum.<\/strong><\/li>\n<li style=\"text-align: left;\"><strong>WhatsApp ile s\u00fcrekli ileti\u015fim halinde oluyoruz.<\/strong><\/li>\n<li style=\"text-align: left;\"><strong>\u00c7e\u015fitli detoks diyet programlar\u0131, metabolizma h\u0131zland\u0131r\u0131c\u0131 tarifler ile s\u00fcrecinizi h\u0131zland\u0131r\u0131yorum.<\/strong><\/li>\n<li style=\"text-align: left;\"><strong>1 ayda hedefim 4-6 kg vermenizi sa\u011flamakt\u0131r.<\/strong><\/li>\n<\/ol>\n","protected":false},"excerpt":{"rendered":"<p>Ya\u011f kayb\u0131 a\u011f\u0131rl\u0131kl\u0131 ve h\u0131zl\u0131 kilo vermek i\u00e7in bu program\u0131m size \u00e7ok uygun. Paketimin s\u00fcresi 1 ayl\u0131kt\u0131r ve kontroller haftada 1 yap\u0131l\u0131r. Her kontrolde beslenme program\u0131n\u0131z yenilenir. Whatsapp takipli bir programd\u0131r.<\/p>\n","protected":false},"featured_media":19,"template":"","meta":{"_monsterinsights_skip_tracking":false,"_monsterinsights_sitenote_active":false,"_monsterinsights_sitenote_note":"","_monsterinsights_sitenote_category":0},"product_brand":[],"product_cat":[15],"product_tag":[17,19,18],"class_list":{"0":"post-13","1":"product","2":"type-product","3":"status-publish","4":"has-post-thumbnail","6":"product_cat-online-diyet-paketleri","7":"product_tag-kilo-vermek","8":"product_tag-online-diyetisyen","9":"product_tag-saglikli-kilo-vermek","11":"first","12":"instock","13":"sale","14":"virtual","15":"taxable","16":"purchasable","17":"product-type-simple"},"jetpack_sharing_enabled":true,"_links":{"self":[{"href":"https:\/\/www.denizberksoy.com\/online-diyetisyen\/wp-json\/wp\/v2\/product\/13","targetHints":{"allow":["GET"]}}],"collection":[{"href":"https:\/\/www.denizberksoy.com\/online-diyetisyen\/wp-json\/wp\/v2\/product"}],"about":[{"href":"https:\/\/www.denizberksoy.com\/online-diyetisyen\/wp-json\/wp\/v2\/types\/product"}],"wp:featuredmedia":[{"embeddable":true,"href":"https:\/\/www.denizberksoy.com\/online-diyetisyen\/wp-json\/wp\/v2\/media\/19"}],"wp:attachment":[{"href":"https:\/\/www.denizberksoy.com\/online-diyetisyen\/wp-json\/wp\/v2\/media?parent=13"}],"wp:term":[{"taxonomy":"product_brand","embeddable":true,"href":"https:\/\/www.denizberksoy.com\/online-diyetisyen\/wp-json\/wp\/v2\/product_brand?post=13"},{"taxonomy":"product_cat","embeddable":true,"href":"https:\/\/www.denizberksoy.com\/online-diyetisyen\/wp-json\/wp\/v2\/product_cat?post=13"},{"taxonomy":"product_tag","embeddable":true,"href":"https:\/\/www.denizberksoy.com\/online-diyetisyen\/wp-json\/wp\/v2\/product_tag?post=13"}],"curies":[{"name":"wp","href":"https:\/\/api.w.org\/{rel}","templated":true}]}}