{"id":6,"date":"2021-03-10T20:13:28","date_gmt":"2021-03-10T20:13:28","guid":{"rendered":"https:\/\/www.denizberksoy.com\/online-diyetisyen\/magaza\/"},"modified":"2026-01-12T09:36:46","modified_gmt":"2026-01-12T09:36:46","slug":"magaza","status":"publish","type":"page","link":"https:\/\/www.denizberksoy.com\/online-diyetisyen\/","title":{"rendered":"ONL\u0130NE D\u0130YET DANI\u015eMANLI\u011eI"},"content":{"rendered":"<p><img loading=\"lazy\" decoding=\"async\" class=\"alignleft wp-image-159\" src=\"https:\/\/www.denizberksoy.com\/online-diyetisyen\/wp-content\/uploads\/2026\/01\/deniz-berksoy-272x300.jpg\" alt=\"\" width=\"230\" height=\"254\" srcset=\"https:\/\/www.denizberksoy.com\/online-diyetisyen\/wp-content\/uploads\/2026\/01\/deniz-berksoy-272x300.jpg 272w, https:\/\/www.denizberksoy.com\/online-diyetisyen\/wp-content\/uploads\/2026\/01\/deniz-berksoy-929x1024.jpg 929w, https:\/\/www.denizberksoy.com\/online-diyetisyen\/wp-content\/uploads\/2026\/01\/deniz-berksoy-768x846.jpg 768w, https:\/\/www.denizberksoy.com\/online-diyetisyen\/wp-content\/uploads\/2026\/01\/deniz-berksoy-660x727.jpg 660w, https:\/\/www.denizberksoy.com\/online-diyetisyen\/wp-content\/uploads\/2026\/01\/deniz-berksoy-600x661.jpg 600w, https:\/\/www.denizberksoy.com\/online-diyetisyen\/wp-content\/uploads\/2026\/01\/deniz-berksoy.jpg 1061w\" sizes=\"auto, (max-width: 230px) 100vw, 230px\" \/>Online diyet hizmetim ile size \u00f6zel haz\u0131rlayaca\u011f\u0131m diyet program\u0131n\u0131z\u0131 sat\u0131n alabilirsiniz. Size uygun olan diyet paketlerimden se\u00e7im yapabilirsiniz. Online Diyetisyen hizmetim ile hedefinize ula\u015fman\u0131z \u00e7ok kolay!<\/p>\n","protected":false},"excerpt":{"rendered":"<p>Online diyet hizmetim ile size \u00f6zel haz\u0131rlayaca\u011f\u0131m diyet program\u0131n\u0131z\u0131 sat\u0131n alabilirsiniz. Size uygun olan diyet paketlerimden se\u00e7im yapabilirsiniz. Online Diyetisyen&hellip; <a class=\"read-more\" href=\"https:\/\/www.denizberksoy.com\/online-diyetisyen\/\">Read more <span class=\"screen-reader-text\">ONL\u0130NE D\u0130YET DANI\u015eMANLI\u011eI<\/span><\/a><\/p>\n","protected":false},"author":1,"featured_media":0,"parent":0,"menu_order":0,"comment_status":"closed","ping_status":"closed","template":"","meta":{"_monsterinsights_skip_tracking":false,"_monsterinsights_sitenote_active":false,"_monsterinsights_sitenote_note":"","_monsterinsights_sitenote_category":0,"footnotes":""},"class_list":["post-6","page","type-page","status-publish","hentry"],"jetpack_sharing_enabled":true,"_links":{"self":[{"href":"https:\/\/www.denizberksoy.com\/online-diyetisyen\/wp-json\/wp\/v2\/pages\/6","targetHints":{"allow":["GET"]}}],"collection":[{"href":"https:\/\/www.denizberksoy.com\/online-diyetisyen\/wp-json\/wp\/v2\/pages"}],"about":[{"href":"https:\/\/www.denizberksoy.com\/online-diyetisyen\/wp-json\/wp\/v2\/types\/page"}],"author":[{"embeddable":true,"href":"https:\/\/www.denizberksoy.com\/online-diyetisyen\/wp-json\/wp\/v2\/users\/1"}],"replies":[{"embeddable":true,"href":"https:\/\/www.denizberksoy.com\/online-diyetisyen\/wp-json\/wp\/v2\/comments?post=6"}],"version-history":[{"count":10,"href":"https:\/\/www.denizberksoy.com\/online-diyetisyen\/wp-json\/wp\/v2\/pages\/6\/revisions"}],"predecessor-version":[{"id":162,"href":"https:\/\/www.denizberksoy.com\/online-diyetisyen\/wp-json\/wp\/v2\/pages\/6\/revisions\/162"}],"wp:attachment":[{"href":"https:\/\/www.denizberksoy.com\/online-diyetisyen\/wp-json\/wp\/v2\/media?parent=6"}],"curies":[{"name":"wp","href":"https:\/\/api.w.org\/{rel}","templated":true}]}}