{"id":163,"date":"2026-01-12T09:40:20","date_gmt":"2026-01-12T09:40:20","guid":{"rendered":"https:\/\/www.denizberksoy.com\/online-diyetisyen\/?page_id=163"},"modified":"2026-01-12T09:46:53","modified_gmt":"2026-01-12T09:46:53","slug":"uzman-diyetisyen-deniz-berksoy","status":"publish","type":"page","link":"https:\/\/www.denizberksoy.com\/online-diyetisyen\/uzman-diyetisyen-deniz-berksoy\/","title":{"rendered":"Uzman Diyetisyen Deniz Berksoy"},"content":{"rendered":"<div>\n<div>\n<p><img loading=\"lazy\" decoding=\"async\" class=\"wp-image-165 aligncenter\" src=\"https:\/\/www.denizberksoy.com\/online-diyetisyen\/wp-content\/uploads\/2026\/01\/denizberksoy-130x300.jpeg\" alt=\"\" width=\"261\" height=\"602\" srcset=\"https:\/\/www.denizberksoy.com\/online-diyetisyen\/wp-content\/uploads\/2026\/01\/denizberksoy-130x300.jpeg 130w, https:\/\/www.denizberksoy.com\/online-diyetisyen\/wp-content\/uploads\/2026\/01\/denizberksoy-445x1024.jpeg 445w, https:\/\/www.denizberksoy.com\/online-diyetisyen\/wp-content\/uploads\/2026\/01\/denizberksoy-768x1768.jpeg 768w, https:\/\/www.denizberksoy.com\/online-diyetisyen\/wp-content\/uploads\/2026\/01\/denizberksoy-667x1536.jpeg 667w, https:\/\/www.denizberksoy.com\/online-diyetisyen\/wp-content\/uploads\/2026\/01\/denizberksoy-889x2048.jpeg 889w, https:\/\/www.denizberksoy.com\/online-diyetisyen\/wp-content\/uploads\/2026\/01\/denizberksoy-660x1520.jpeg 660w, https:\/\/www.denizberksoy.com\/online-diyetisyen\/wp-content\/uploads\/2026\/01\/denizberksoy-600x1382.jpeg 600w, https:\/\/www.denizberksoy.com\/online-diyetisyen\/wp-content\/uploads\/2026\/01\/denizberksoy-scaled.jpeg 1112w\" sizes=\"auto, (max-width: 261px) 100vw, 261px\" \/><\/p>\n<p>Lisans e\u011fitimime Ba\u015fkent \u00dcniversitesi Beslenme ve Diyetetik B\u00f6l\u00fcm\u00fcnde ba\u015flayarak 2007 y\u0131l\u0131nda mezun oldum ve \u2018Diyetisyen\u2019 \u00fcnvan\u0131n\u0131 ald\u0131m. Y\u00fcksek lisans e\u011fitimimi Ankara \u00dcniversitesi Spor Sa\u011fl\u0131k Bilimleri Anabilim Dal\u0131\u2019nda tamamlayarak \u2018Uzman Diyetisyen\u2019 \u00fcnvan\u0131n\u0131 ald\u0131m.<\/p>\n<\/div>\n<div>\n<p>30&#8217;dan fazla seminer ve kongreden bir\u00e7ok sertifika edinerek kendimi beslenme bilimi konusunda geli\u015ftirdim. Ayr\u0131ca lisans tez ara\u015ft\u0131rmam Japonya\u2019da 15. Uluslararas\u0131 Beslenme ve Diyetetik Kongresi\u2019nde ve y\u00fcksek lisans tez \u00e7al\u0131\u015fmam Antalya\u2019da \u20181. Uluslararas\u0131 Fiziksel Aktivite, Beslenme ve Sa\u011fl\u0131k Kongresi\u2019nde sunulmu\u015ftur.<\/p>\n<\/div>\n<div>\n<p>\u0130\u015f hayat\u0131m boyunca; Ankara, \u0130zmir ve \u0130stanbul \u015fehirlerinde spor merkezi, diyet dan\u0131\u015fmanl\u0131k merkezi ve \u00e7e\u015fitli hastanelerde beslenme e\u011fitimi ve dan\u0131\u015fmanl\u0131k hizmeti verdim.<\/p>\n<\/div>\n<div style=\"text-align: left;\">\n<p>\u00c7e\u015fitli dergi ve gazeteler ile bir\u00e7ok internet sitesi ve telefon uygulamalar\u0131nda beslenme ile ilgili haber ve yaz\u0131lar\u0131m yay\u0131nlanm\u0131\u015ft\u0131r ve yay\u0131nlanmaya devam etmektedir. Diva dergisi, \u0130zmir Life dergisi, Folkart Dergisi, H\u00fcrriyet gazetesi, Milliyet Gazetesi, Habert\u00fcrk Gazetesi, Posta gazetesi gibi gazetelerde ve acunn.com, milliyet.com.tr, cnnturk.com, haberturk.com, posta.com.tr gibi bir\u00e7ok internet sitesi ile Pepapp uygulamas\u0131nda beslenme ile ilgili \u00e7e\u015fitli konularda haber ve yaz\u0131lar\u0131m yay\u0131nlanm\u0131\u015ft\u0131r. Ayr\u0131ca; h\u00fcrriyet.com.tr ve Quality of Magazine dergisinde k\u00f6\u015fe yaz\u0131lar\u0131m yay\u0131nlamaya devam etmektedir.<\/p>\n<\/div>\n<div><\/div>\n<div style=\"text-align: left;\">\u015eu an, \u0130stanbul Ata\u015fehir&#8217;de kurucusu oldu\u011fum Deniz Diyet Beslenme Dan\u0131\u015fmanl\u0131\u011f\u0131 Merkezi\u2019nde dan\u0131\u015fanlar\u0131ma kilo verme, kilo alma, kilo koruma, hamilelik d\u00f6neminde sa\u011fl\u0131kl\u0131 beslenme, emzirme d\u00f6neminde zay\u0131flama, hastal\u0131klarda beslenme, \u00e7ocukluk ve ergenlik d\u00f6neminde do\u011fru beslenme ve kilo verme, spora \u00f6zel beslenme konular\u0131nda hizmet vermekteyim. Ayr\u0131ca; Daviva Diyaliz ve \u0130DM Diyaliz Merkezi\u2019ne ait \u015fubelerdeki diyaliz hastalar\u0131na dan\u0131\u015fmanl\u0131k vermekteyim.<\/div>\n<\/div>\n","protected":false},"excerpt":{"rendered":"<p>Lisans e\u011fitimime Ba\u015fkent \u00dcniversitesi Beslenme ve Diyetetik B\u00f6l\u00fcm\u00fcnde ba\u015flayarak 2007 y\u0131l\u0131nda mezun oldum ve \u2018Diyetisyen\u2019 \u00fcnvan\u0131n\u0131 ald\u0131m. Y\u00fcksek lisans e\u011fitimimi&hellip; <a class=\"read-more\" href=\"https:\/\/www.denizberksoy.com\/online-diyetisyen\/uzman-diyetisyen-deniz-berksoy\/\">Read more <span class=\"screen-reader-text\">Uzman Diyetisyen Deniz Berksoy<\/span><\/a><\/p>\n","protected":false},"author":1,"featured_media":165,"parent":0,"menu_order":0,"comment_status":"closed","ping_status":"closed","template":"","meta":{"_monsterinsights_skip_tracking":false,"_monsterinsights_sitenote_active":false,"_monsterinsights_sitenote_note":"","_monsterinsights_sitenote_category":0,"footnotes":""},"class_list":["post-163","page","type-page","status-publish","has-post-thumbnail","hentry"],"jetpack_sharing_enabled":true,"_links":{"self":[{"href":"https:\/\/www.denizberksoy.com\/online-diyetisyen\/wp-json\/wp\/v2\/pages\/163","targetHints":{"allow":["GET"]}}],"collection":[{"href":"https:\/\/www.denizberksoy.com\/online-diyetisyen\/wp-json\/wp\/v2\/pages"}],"about":[{"href":"https:\/\/www.denizberksoy.com\/online-diyetisyen\/wp-json\/wp\/v2\/types\/page"}],"author":[{"embeddable":true,"href":"https:\/\/www.denizberksoy.com\/online-diyetisyen\/wp-json\/wp\/v2\/users\/1"}],"replies":[{"embeddable":true,"href":"https:\/\/www.denizberksoy.com\/online-diyetisyen\/wp-json\/wp\/v2\/comments?post=163"}],"version-history":[{"count":10,"href":"https:\/\/www.denizberksoy.com\/online-diyetisyen\/wp-json\/wp\/v2\/pages\/163\/revisions"}],"predecessor-version":[{"id":176,"href":"https:\/\/www.denizberksoy.com\/online-diyetisyen\/wp-json\/wp\/v2\/pages\/163\/revisions\/176"}],"wp:featuredmedia":[{"embeddable":true,"href":"https:\/\/www.denizberksoy.com\/online-diyetisyen\/wp-json\/wp\/v2\/media\/165"}],"wp:attachment":[{"href":"https:\/\/www.denizberksoy.com\/online-diyetisyen\/wp-json\/wp\/v2\/media?parent=163"}],"curies":[{"name":"wp","href":"https:\/\/api.w.org\/{rel}","templated":true}]}}